{"id":829,"date":"2019-06-16T06:56:52","date_gmt":"2019-06-16T10:56:52","guid":{"rendered":"https:\/\/alix.interligne.co\/?page_id=829"},"modified":"2019-12-22T14:57:17","modified_gmt":"2019-12-22T19:57:17","slug":"press-review","status":"publish","type":"page","link":"https:\/\/alix.interligne.co\/en\/press-review\/","title":{"rendered":"Press review"},"content":{"rendered":"\n<h2 class=\"wp-block-heading\">Articles in English<\/h2>\n\n\n\n<ul class=\"wp-block-list\"><li>Fundira, M. (2016). <a href=\"https:\/\/www.cbc.ca\/news\/canada\/montreal\/orlando-shooting-montreal-lgbt-reaction-1.3631667\" target=\"_blank\" rel=\"noreferrer noopener\">&#8216;Homophobic&#8217; Orlando shooting hits nerve in Montreal LGBT community<\/a>. <em>CBC News<\/em>.<\/li><li>Chiu, B. (2019). <a href=\"https:\/\/www.forbes.com\/sites\/bonniechiu\/2019\/05\/31\/need-for-systemic-response-to-widespread-workplace-sexual-harassment-of-lgbt-people\/#45725ffcd325\" target=\"_blank\" rel=\"noreferrer noopener\">Need For Systemic Response To Widespread Workplace Sexual Harassment of LGBT People<\/a>. <em>Forbes<\/em>.<\/li><li>Nagesh, A. (2019). <a href=\"https:\/\/www.bbc.com\/news\/world-us-canada-48525458\" target=\"_blank\" rel=\"noreferrer noopener\">Chynal Lindsey: Why are black trans women being killed in Dallas?<\/a>. <em>BBC<\/em>.<\/li><li>Howell, M. (2019). <a href=\"https:\/\/www.vancourier.com\/news\/hate-crime-reports-in-vancouver-reach-203-over-four-years-1.23852358\" target=\"_blank\" rel=\"noreferrer noopener\">Hate crime reports in Vancouver reach 203 over four years<\/a>. <em>Vancouver Courier<\/em>.<\/li><li>La Presse Canadienne (2019). <a href=\"https:\/\/www.lapresse.ca\/actualites\/201906\/21\/01-5231118-un-nouveau-service-daide-pour-les-personnes-lgbtq-victimes-de-violence.php?fbclid=IwAR1SScq4H7KAgpfih0hG5ZUN4mM1dF5JJwC13LjCZGcEK5ubUxM5p9-FqSU\">Un nouveau service d\u2019aide pour les personnes LGBTQ+ victimes de violence<\/a>, <em>La Presse<\/em>.<\/li><\/ul>\n\n\n\n<h2 class=\"wp-block-heading\">Articles in French<\/h2>\n\n\n\n<ul class=\"wp-block-list\"><li>Paquet, A. (2017). <a href=\"https:\/\/www.ledevoir.com\/opinion\/idees\/510858\/moiaussi-ca-ne-fait-que-commencer\" target=\"_blank\" rel=\"noreferrer noopener\">#MoiAussi, \u00e7a ne fait que commencer<\/a>, <em>Le Devoir<\/em>.<\/li><li>Duval, A. (2016). <a href=\"https:\/\/ici.radio-canada.ca\/nouvelle\/811541\/violence-conjugale-couples-meme-sexe\" target=\"_blank\" rel=\"noreferrer noopener\">Violence conjugale chez les gais : aucune ressource pour les victimes<\/a>, <em>Radio-Canada<\/em>.<\/li><li>Marin, A. (2017). <a href=\"https:\/\/journalmetro.com\/actualites\/national\/1213918\/risque-de-derapages-avec-laffaire-eric-salvail\/\" target=\"_blank\" rel=\"noreferrer noopener\">Homophobie: risque de d\u00e9rapages avec l\u2019affaire \u00c9ric Salvail?<\/a>, <em>Journal M\u00e9tro.<\/em><\/li><li>La Presse canadienne (2016). <a href=\"https:\/\/quebec.huffingtonpost.ca\/2016\/05\/08\/un-kiss-in-de-solidarite-a-montreal-pour-denoncer-un-geste-homophobe_n_9866356.html\" target=\"_blank\" rel=\"noreferrer noopener\">Un \u00abkiss in\u00bb de solidarit\u00e9 \u00e0 Montr\u00e9al lundi soir pour d\u00e9noncer un geste homophobe<\/a>. <em>Huffington Post<\/em>.<\/li><li>Rousseau, M-L (2017). <a href=\"https:\/\/www.ledevoir.com\/societe\/education\/513918\/education-vers-des-alliances-gai-heteros-dans-les-ecoles\" target=\"_blank\" rel=\"noreferrer noopener\">Vers des alliances gais-h\u00e9t\u00e9ros dans les \u00e9coles<\/a>. <em>Le Devoir<\/em>.<\/li><li>Ayala D. (2019). <a href=\"https:\/\/montrealgazette.com\/news\/local-news\/lgbtq-victims-of-violence-have-a-new-online-resource-to-turn-to?fbclid=IwAR25ep5ndsmgNwAiP9xGAxJxoUtSgJdmam0zm5sitzkufelnLl-FUUOz7S0\">LGBTQ+ victims of violence have a new online resource to turn to<\/a>, <em>Montreal Gazette<\/em>.<\/li><\/ul>\n","protected":false},"excerpt":{"rendered":"<p>Articles in English Fundira, M. (2016). &#8216;Homophobic&#8217; Orlando shooting hits nerve in Montreal LGBT community. CBC News. Chiu, B. (2019). Need For Systemic Response To Widespread Workplace Sexual Harassment of &#8230; <a title=\"Press review\" class=\"read-more\" href=\"https:\/\/alix.interligne.co\/en\/press-review\/\" aria-label=\"Read more about Press review\">Lire la suite<\/a><\/p>\n","protected":false},"author":1,"featured_media":0,"parent":0,"menu_order":0,"comment_status":"closed","ping_status":"closed","template":"","meta":{"_uag_custom_page_level_css":"","footnotes":""},"class_list":["post-829","page","type-page","status-publish"],"uagb_featured_image_src":{"full":false,"thumbnail":false,"medium":false,"medium_large":false,"large":false,"1536x1536":false,"2048x2048":false,"gform-image-choice-sm":false,"gform-image-choice-md":false,"gform-image-choice-lg":false},"uagb_author_info":{"display_name":"Support","author_link":"https:\/\/alix.interligne.co\/en\/author\/support\/"},"uagb_comment_info":0,"uagb_excerpt":"Articles in English Fundira, M. (2016). &#8216;Homophobic&#8217; Orlando shooting hits nerve in Montreal LGBT community. CBC News. Chiu, B. (2019). Need For Systemic Response To Widespread Workplace Sexual Harassment of ... Lire la suite","_links":{"self":[{"href":"https:\/\/alix.interligne.co\/en\/wp-json\/wp\/v2\/pages\/829","targetHints":{"allow":["GET"]}}],"collection":[{"href":"https:\/\/alix.interligne.co\/en\/wp-json\/wp\/v2\/pages"}],"about":[{"href":"https:\/\/alix.interligne.co\/en\/wp-json\/wp\/v2\/types\/page"}],"author":[{"embeddable":true,"href":"https:\/\/alix.interligne.co\/en\/wp-json\/wp\/v2\/users\/1"}],"replies":[{"embeddable":true,"href":"https:\/\/alix.interligne.co\/en\/wp-json\/wp\/v2\/comments?post=829"}],"version-history":[{"count":5,"href":"https:\/\/alix.interligne.co\/en\/wp-json\/wp\/v2\/pages\/829\/revisions"}],"predecessor-version":[{"id":2123,"href":"https:\/\/alix.interligne.co\/en\/wp-json\/wp\/v2\/pages\/829\/revisions\/2123"}],"wp:attachment":[{"href":"https:\/\/alix.interligne.co\/en\/wp-json\/wp\/v2\/media?parent=829"}],"curies":[{"name":"wp","href":"https:\/\/api.w.org\/{rel}","templated":true}]}}