{"id":1494,"date":"2019-08-13T15:31:50","date_gmt":"2019-08-13T19:31:50","guid":{"rendered":"https:\/\/alix.interligne.co\/?page_id=1494"},"modified":"2019-12-22T18:10:37","modified_gmt":"2019-12-22T23:10:37","slug":"tools","status":"publish","type":"page","link":"https:\/\/alix.interligne.co\/en\/tools\/","title":{"rendered":"Educational tools"},"content":{"rendered":"\n<div class=\"wp-block-pb-accordion-item c-accordion__item js-accordion-item no-js\" data-initially-open=\"false\" data-click-to-close=\"true\" data-auto-close=\"true\" data-scroll=\"false\" data-scroll-offset=\"0\"><h3 id=\"at-0\" class=\"c-accordion__title js-accordion-controller\" tabindex=\"0\" role=\"button\" aria-controls=\"ac-0\">Take action!<\/h3><div id=\"ac-0\" class=\"c-accordion__content\" style=\"display:none\">\n<div class=\"wp-block-columns is-layout-flex wp-container-core-columns-is-layout-9d6595d7 wp-block-columns-is-layout-flex\">\n<div class=\"wp-block-column is-layout-flow wp-block-column-is-layout-flow\">\n<h4 class=\"wp-block-heading\">Empowerment of LGBT women<\/h4>\n\n\n\n<p><a href=\"https:\/\/rlq-qln.ca\/fr\/tournee\/\">A tour across Quebec to empower LGBTQ+ women<\/a><br>&#8211; Organized by the Quebec Lesbian Network<\/p>\n<\/div>\n\n\n\n<div class=\"wp-block-column is-layout-flow wp-block-column-is-layout-flow\">\n<figure class=\"wp-block-image size-large is-resized\"><img loading=\"lazy\" decoding=\"async\" src=\"https:\/\/alix.interligne.co\/wp-content\/uploads\/2019\/10\/RLQ-001-LogeTournee-1-1-1024x805.png\" alt=\"\" class=\"wp-image-1735\" width=\"256\" height=\"201\" srcset=\"https:\/\/alix.interligne.co\/wp-content\/uploads\/2019\/10\/RLQ-001-LogeTournee-1-1-1024x805.png 1024w, https:\/\/alix.interligne.co\/wp-content\/uploads\/2019\/10\/RLQ-001-LogeTournee-1-1-300x236.png 300w, https:\/\/alix.interligne.co\/wp-content\/uploads\/2019\/10\/RLQ-001-LogeTournee-1-1-768x604.png 768w, https:\/\/alix.interligne.co\/wp-content\/uploads\/2019\/10\/RLQ-001-LogeTournee-1-1-1536x1208.png 1536w, https:\/\/alix.interligne.co\/wp-content\/uploads\/2019\/10\/RLQ-001-LogeTournee-1-1-2048x1611.png 2048w\" sizes=\"auto, (max-width: 256px) 100vw, 256px\" \/><\/figure>\n<\/div>\n<\/div>\n<\/div><\/div>\n\n\n\n<div class=\"wp-block-pb-accordion-item c-accordion__item js-accordion-item no-js\" data-initially-open=\"false\" data-click-to-close=\"true\" data-auto-close=\"true\" data-scroll=\"false\" data-scroll-offset=\"0\"><h3 id=\"at-1\" class=\"c-accordion__title js-accordion-controller\" tabindex=\"0\" role=\"button\" aria-controls=\"ac-1\">Awareness material (in French)<\/h3><div id=\"ac-1\" class=\"c-accordion__content\" style=\"display:none\">\n<div class=\"wp-block-columns is-layout-flex wp-container-core-columns-is-layout-9d6595d7 wp-block-columns-is-layout-flex\">\n<div class=\"wp-block-column is-layout-flow wp-block-column-is-layout-flow\">\n<figure class=\"wp-block-image size-large is-resized\"><img loading=\"lazy\" decoding=\"async\" src=\"https:\/\/alix.interligne.co\/wp-content\/uploads\/2019\/06\/Sans-titre-4-663x1024.jpg\" alt=\"\" class=\"wp-image-1093\" width=\"332\" height=\"512\" srcset=\"https:\/\/alix.interligne.co\/wp-content\/uploads\/2019\/06\/Sans-titre-4-663x1024.jpg 663w, https:\/\/alix.interligne.co\/wp-content\/uploads\/2019\/06\/Sans-titre-4-600x927.jpg 600w, https:\/\/alix.interligne.co\/wp-content\/uploads\/2019\/06\/Sans-titre-4-194x300.jpg 194w, https:\/\/alix.interligne.co\/wp-content\/uploads\/2019\/06\/Sans-titre-4-768x1187.jpg 768w, https:\/\/alix.interligne.co\/wp-content\/uploads\/2019\/06\/Sans-titre-4-522x806.jpg 522w, https:\/\/alix.interligne.co\/wp-content\/uploads\/2019\/06\/Sans-titre-4-390x603.jpg 390w, https:\/\/alix.interligne.co\/wp-content\/uploads\/2019\/06\/Sans-titre-4-300x464.jpg 300w, https:\/\/alix.interligne.co\/wp-content\/uploads\/2019\/06\/Sans-titre-4.jpg 792w\" sizes=\"auto, (max-width: 332px) 100vw, 332px\" \/><figcaption> <strong><a href=\"https:\/\/alix.interligne.co\/wp-content\/uploads\/2019\/06\/Sans-titre-4.jpg\">&#8220;La porn, c&#8217;est comme les licornes&#8230; Ce n&#8217;est pas la r\u00e9alit\u00e9.&#8221;<\/a><\/strong> Created by <a href=\"https:\/\/www.cegepsherbrooke.qc.ca\/contrelesviolencessexuelles?fbclid=IwAR371pQcsIZvgPmDnvTKlzWa8BmAeNa_rBfmht52tpYgAOwxMKCOa4J7nhY\">Ni viande ni objet<\/a> <\/figcaption><\/figure>\n<\/div>\n\n\n\n<div class=\"wp-block-column is-layout-flow wp-block-column-is-layout-flow\">\n<figure class=\"wp-block-image size-large is-resized\"><img loading=\"lazy\" decoding=\"async\" src=\"https:\/\/alix.interligne.co\/wp-content\/uploads\/2019\/06\/Sans-titre-10-675x1024.jpg\" alt=\"\" class=\"wp-image-1122\" width=\"338\" height=\"512\" srcset=\"https:\/\/alix.interligne.co\/wp-content\/uploads\/2019\/06\/Sans-titre-10-675x1024.jpg 675w, https:\/\/alix.interligne.co\/wp-content\/uploads\/2019\/06\/Sans-titre-10-600x911.jpg 600w, https:\/\/alix.interligne.co\/wp-content\/uploads\/2019\/06\/Sans-titre-10-198x300.jpg 198w, https:\/\/alix.interligne.co\/wp-content\/uploads\/2019\/06\/Sans-titre-10-768x1166.jpg 768w, https:\/\/alix.interligne.co\/wp-content\/uploads\/2019\/06\/Sans-titre-10-531x806.jpg 531w, https:\/\/alix.interligne.co\/wp-content\/uploads\/2019\/06\/Sans-titre-10-390x592.jpg 390w, https:\/\/alix.interligne.co\/wp-content\/uploads\/2019\/06\/Sans-titre-10-300x455.jpg 300w, https:\/\/alix.interligne.co\/wp-content\/uploads\/2019\/06\/Sans-titre-10.jpg 834w\" sizes=\"auto, (max-width: 338px) 100vw, 338px\" \/><figcaption> <strong><a href=\"https:\/\/alix.interligne.co\/wp-content\/uploads\/2019\/06\/Sans-titre-10.jpg\">&#8220;La culture du viol&#8221;<\/a><\/strong><br> Created by <a href=\"https:\/\/www.cegepsherbrooke.qc.ca\/contrelesviolencessexuelles?fbclid=IwAR371pQcsIZvgPmDnvTKlzWa8BmAeNa_rBfmht52tpYgAOwxMKCOa4J7nhY\">Ni viande ni objet<\/a> <\/figcaption><\/figure>\n\n\n\n<p><\/p>\n<\/div>\n<\/div>\n\n\n\n<div class=\"wp-block-columns is-layout-flex wp-container-core-columns-is-layout-9d6595d7 wp-block-columns-is-layout-flex\">\n<div class=\"wp-block-column is-layout-flow wp-block-column-is-layout-flow\">\n<figure class=\"wp-block-image size-large is-resized\"><img loading=\"lazy\" decoding=\"async\" src=\"https:\/\/alix.interligne.co\/wp-content\/uploads\/2019\/06\/Sans-titre-7-663x1024.jpg\" alt=\"\" class=\"wp-image-1111\" width=\"332\" height=\"512\" srcset=\"https:\/\/alix.interligne.co\/wp-content\/uploads\/2019\/06\/Sans-titre-7-663x1024.jpg 663w, https:\/\/alix.interligne.co\/wp-content\/uploads\/2019\/06\/Sans-titre-7-600x927.jpg 600w, https:\/\/alix.interligne.co\/wp-content\/uploads\/2019\/06\/Sans-titre-7-194x300.jpg 194w, https:\/\/alix.interligne.co\/wp-content\/uploads\/2019\/06\/Sans-titre-7-768x1187.jpg 768w, https:\/\/alix.interligne.co\/wp-content\/uploads\/2019\/06\/Sans-titre-7-522x806.jpg 522w, https:\/\/alix.interligne.co\/wp-content\/uploads\/2019\/06\/Sans-titre-7-390x603.jpg 390w, https:\/\/alix.interligne.co\/wp-content\/uploads\/2019\/06\/Sans-titre-7-300x464.jpg 300w, https:\/\/alix.interligne.co\/wp-content\/uploads\/2019\/06\/Sans-titre-7.jpg 792w\" sizes=\"auto, (max-width: 332px) 100vw, 332px\" \/><figcaption> <strong><a href=\"https:\/\/alix.interligne.co\/wp-content\/uploads\/2019\/06\/Sans-titre-7.jpg\">&#8220;Porn = fiction&#8221;<\/a><\/strong><br> Created by <a href=\"https:\/\/www.cegepsherbrooke.qc.ca\/contrelesviolencessexuelles?fbclid=IwAR371pQcsIZvgPmDnvTKlzWa8BmAeNa_rBfmht52tpYgAOwxMKCOa4J7nhY\">Ni viande ni objet<\/a> <\/figcaption><\/figure>\n<\/div>\n\n\n\n<div class=\"wp-block-column is-layout-flow wp-block-column-is-layout-flow\">\n<figure class=\"wp-block-image size-large is-resized\"><img loading=\"lazy\" decoding=\"async\" src=\"https:\/\/alix.interligne.co\/wp-content\/uploads\/2019\/06\/Sans-titre-9-1-675x1024.jpg\" alt=\"\" class=\"wp-image-1119\" width=\"338\" height=\"512\" srcset=\"https:\/\/alix.interligne.co\/wp-content\/uploads\/2019\/06\/Sans-titre-9-1-675x1024.jpg 675w, https:\/\/alix.interligne.co\/wp-content\/uploads\/2019\/06\/Sans-titre-9-1-600x911.jpg 600w, https:\/\/alix.interligne.co\/wp-content\/uploads\/2019\/06\/Sans-titre-9-1-198x300.jpg 198w, https:\/\/alix.interligne.co\/wp-content\/uploads\/2019\/06\/Sans-titre-9-1-768x1166.jpg 768w, https:\/\/alix.interligne.co\/wp-content\/uploads\/2019\/06\/Sans-titre-9-1-531x806.jpg 531w, https:\/\/alix.interligne.co\/wp-content\/uploads\/2019\/06\/Sans-titre-9-1-390x592.jpg 390w, https:\/\/alix.interligne.co\/wp-content\/uploads\/2019\/06\/Sans-titre-9-1-300x455.jpg 300w, https:\/\/alix.interligne.co\/wp-content\/uploads\/2019\/06\/Sans-titre-9-1.jpg 834w\" sizes=\"auto, (max-width: 338px) 100vw, 338px\" \/><figcaption> <strong><a href=\"https:\/\/alix.interligne.co\/wp-content\/uploads\/2019\/06\/Sans-titre-9.jpg\">&#8220;Ce que je porte n\u2019a rien \u00e0 voir avec mon envie ou non de me faire grimper.&#8221;<\/a><\/strong><br>Created by <a href=\"https:\/\/www.cegepsherbrooke.qc.ca\/contrelesviolencessexuelles?fbclid=IwAR371pQcsIZvgPmDnvTKlzWa8BmAeNa_rBfmht52tpYgAOwxMKCOa4J7nhY\">Ni viande ni objet<\/a> <\/figcaption><\/figure>\n\n\n\n<p><\/p>\n<\/div>\n<\/div>\n\n\n\n<div class=\"wp-block-columns is-layout-flex wp-container-core-columns-is-layout-9d6595d7 wp-block-columns-is-layout-flex\">\n<div class=\"wp-block-column is-layout-flow wp-block-column-is-layout-flow\">\n<figure class=\"wp-block-image size-large is-resized\"><img loading=\"lazy\" decoding=\"async\" src=\"https:\/\/alix.interligne.co\/wp-content\/uploads\/2019\/06\/Sans-titre-6-663x1024.jpg\" alt=\"\" class=\"wp-image-1107\" width=\"332\" height=\"512\" srcset=\"https:\/\/alix.interligne.co\/wp-content\/uploads\/2019\/06\/Sans-titre-6-663x1024.jpg 663w, https:\/\/alix.interligne.co\/wp-content\/uploads\/2019\/06\/Sans-titre-6-600x927.jpg 600w, https:\/\/alix.interligne.co\/wp-content\/uploads\/2019\/06\/Sans-titre-6-194x300.jpg 194w, https:\/\/alix.interligne.co\/wp-content\/uploads\/2019\/06\/Sans-titre-6-768x1187.jpg 768w, https:\/\/alix.interligne.co\/wp-content\/uploads\/2019\/06\/Sans-titre-6-522x806.jpg 522w, https:\/\/alix.interligne.co\/wp-content\/uploads\/2019\/06\/Sans-titre-6-390x603.jpg 390w, https:\/\/alix.interligne.co\/wp-content\/uploads\/2019\/06\/Sans-titre-6-300x464.jpg 300w, https:\/\/alix.interligne.co\/wp-content\/uploads\/2019\/06\/Sans-titre-6.jpg 792w\" sizes=\"auto, (max-width: 332px) 100vw, 332px\" \/><figcaption> <strong><a href=\"https:\/\/alix.interligne.co\/wp-content\/uploads\/2019\/06\/Sans-titre-6.jpg\">&#8220;Deux filles en couple, ce n&#8217;est pas un sc\u00e9nario de porn.&#8221;<\/a><\/strong><br> Created by <a href=\"https:\/\/www.cegepsherbrooke.qc.ca\/contrelesviolencessexuelles?fbclid=IwAR371pQcsIZvgPmDnvTKlzWa8BmAeNa_rBfmht52tpYgAOwxMKCOa4J7nhY\">Ni viande ni objet<\/a> <\/figcaption><\/figure>\n<\/div>\n\n\n\n<div class=\"wp-block-column is-layout-flow wp-block-column-is-layout-flow\">\n<figure class=\"wp-block-image size-large is-resized\"><img loading=\"lazy\" decoding=\"async\" src=\"https:\/\/alix.interligne.co\/wp-content\/uploads\/2019\/06\/Sans-titre-8-663x1024.jpg\" alt=\"\" class=\"wp-image-1114\" width=\"332\" height=\"512\" srcset=\"https:\/\/alix.interligne.co\/wp-content\/uploads\/2019\/06\/Sans-titre-8-663x1024.jpg 663w, https:\/\/alix.interligne.co\/wp-content\/uploads\/2019\/06\/Sans-titre-8-194x300.jpg 194w, https:\/\/alix.interligne.co\/wp-content\/uploads\/2019\/06\/Sans-titre-8-768x1187.jpg 768w, https:\/\/alix.interligne.co\/wp-content\/uploads\/2019\/06\/Sans-titre-8.jpg 792w\" sizes=\"auto, (max-width: 332px) 100vw, 332px\" \/><figcaption> <strong><a href=\"https:\/\/alix.interligne.co\/wp-content\/uploads\/2019\/06\/Sans-titre-8.jpg\">&#8220;J&#8217;aime le consentement.&#8221;<\/a><\/strong><br> Created by <a href=\"https:\/\/www.cegepsherbrooke.qc.ca\/contrelesviolencessexuelles?fbclid=IwAR371pQcsIZvgPmDnvTKlzWa8BmAeNa_rBfmht52tpYgAOwxMKCOa4J7nhY\">Ni viande ni objet<\/a> <\/figcaption><\/figure>\n\n\n\n<p><\/p>\n<\/div>\n<\/div>\n\n\n\n<div class=\"wp-block-columns is-layout-flex wp-container-core-columns-is-layout-9d6595d7 wp-block-columns-is-layout-flex\">\n<div class=\"wp-block-column is-layout-flow wp-block-column-is-layout-flow\">\n<figure class=\"wp-block-image size-large is-resized\"><img loading=\"lazy\" decoding=\"async\" src=\"https:\/\/alix.interligne.co\/wp-content\/uploads\/2019\/06\/Sans-titre-5-663x1024.jpg\" alt=\"\" class=\"wp-image-1100\" width=\"332\" height=\"512\" srcset=\"https:\/\/alix.interligne.co\/wp-content\/uploads\/2019\/06\/Sans-titre-5-663x1024.jpg 663w, https:\/\/alix.interligne.co\/wp-content\/uploads\/2019\/06\/Sans-titre-5-194x300.jpg 194w, https:\/\/alix.interligne.co\/wp-content\/uploads\/2019\/06\/Sans-titre-5-768x1187.jpg 768w, https:\/\/alix.interligne.co\/wp-content\/uploads\/2019\/06\/Sans-titre-5.jpg 792w\" sizes=\"auto, (max-width: 332px) 100vw, 332px\" \/><figcaption> <strong><a href=\"https:\/\/alix.interligne.co\/wp-content\/uploads\/2019\/06\/Sans-titre-5.jpg\">&#8220;Ceci n&#8217;est qu&#8217;un fruit. L&#8217;hypersexualisation fausse les perceptions.&#8221;<\/a><\/strong><br> Created by <a href=\"https:\/\/www.cegepsherbrooke.qc.ca\/contrelesviolencessexuelles?fbclid=IwAR371pQcsIZvgPmDnvTKlzWa8BmAeNa_rBfmht52tpYgAOwxMKCOa4J7nhY\">Ni viande ni objet<\/a> <\/figcaption><\/figure>\n<\/div>\n\n\n\n<div class=\"wp-block-column is-layout-flow wp-block-column-is-layout-flow\">\n<p><\/p>\n<\/div>\n<\/div>\n<\/div><\/div>\n\n\n\n<div class=\"wp-block-pb-accordion-item c-accordion__item js-accordion-item no-js\" data-initially-open=\"false\" data-click-to-close=\"true\" data-auto-close=\"false\" data-scroll=\"false\" data-scroll-offset=\"0\"><h3 id=\"at-2\" class=\"c-accordion__title js-accordion-controller\" tabindex=\"0\" role=\"button\" aria-controls=\"ac-2\">Guides (in French)<\/h3><div id=\"ac-2\" class=\"c-accordion__content\" style=\"display:none\">\n<h4 class=\"wp-block-heading\">Health<\/h4>\n\n\n\n<p><a href=\"https:\/\/alix.interligne.co\/wp-content\/uploads\/2019\/06\/LEXIC2_caring_web.pdf\"><strong>Prenez soin de vous et des autres<\/strong><\/a> (in French only) <br> LEXIC2 \u2013 Laboratoire des EXp\u00e9riences et des Intersections pour  Comprendre et Contrer les violences sexuelles v\u00e9cues par les communaut\u00e9s  LGBTQ+ <\/p>\n\n\n\n<h4 class=\"wp-block-heading\">Interpersonal violence<\/h4>\n\n\n\n<p><a href=\"https:\/\/alix.interligne.co\/wp-content\/uploads\/2019\/06\/LEXIC2_Lexique-VF_190605_web.pdf\"><strong>Les violences sexuelles : lexique<\/strong><\/a> (in French only)<br>\nLEXIC2 \u2013 Laboratoire des EXp\u00e9riences et des Intersections pour \nComprendre et Contrer les violences sexuelles v\u00e9cues par les communaut\u00e9s\n LGBTQ+<\/p>\n\n\n\n<p><a href=\"https:\/\/www.inspq.qc.ca\/intimidation\/personnes-de-la-diversite-sexuelle-ou-de-genre\"><strong>Trousse m\u00e9dia sur l\u2019intimidation<\/strong><\/a> (in French only)<br>\nINSPQ \u2013 Institut national de sant\u00e9 publique du Qu\u00e9bec<\/p>\n\n\n\n<h4 class=\"wp-block-heading\">Law<\/h4>\n\n\n\n<p><a href=\"https:\/\/www.inspq.qc.ca\/violence-conjugale\/comprendre\/contextes-de-vulnerabilite\/personnes-lgbt\"><strong>Trousse m\u00e9dia sur la violence conjugale<\/strong><\/a> (in French only)<br>\nINSPQ \u2013 Institut national de sant\u00e9 publique du Qu\u00e9bec<\/p>\n\n\n\n<p><a href=\"https:\/\/gatus.association.usherbrooke.ca\/wp-content\/uploads\/2019\/04\/Guide-de-transition-l%C3%A9gale-GATUS.pdf\"><strong>Guide de transition l\u00e9gale<\/strong><\/a> (in French only)<br>GATUS \u2013 Groupe d\u2019action trans de l\u2019Universit\u00e9 de Sherbrooke<\/p>\n<\/div><\/div>\n\n\n\n<div class=\"wp-block-pb-accordion-item c-accordion__item js-accordion-item no-js\" data-initially-open=\"false\" data-click-to-close=\"true\" data-auto-close=\"false\" data-scroll=\"false\" data-scroll-offset=\"0\"><h3 id=\"at-3\" class=\"c-accordion__title js-accordion-controller\" tabindex=\"0\" role=\"button\" aria-controls=\"ac-3\">Videos<\/h3><div id=\"ac-3\" class=\"c-accordion__content\" style=\"display:none\">\n<h4 class=\"wp-block-heading\"> Association qu\u00e9b\u00e9coise Plaidoyer-Victimes <\/h4>\n\n\n\n<p><strong><a href=\"https:\/\/youtu.be\/EICpg1X45zc\">What to expect from the justice system?<\/a><\/strong><br>\n\u2013 The role of the criminal and penal prosecuting attorney<br>\n\u2013 The way the case is processed in the youth criminal justice system<\/p>\n\n\n\n<p><strong><a href=\"https:\/\/youtu.be\/5K9RydTMP8c\">What exactly is cyberviolence?<\/a><\/strong><br>\n\u2013 Demystification of cyberviolence and sexting in intimate relationships<br>\n\u2013 Consequences of cyberviolence on young victims<\/p>\n\n\n\n<p><strong><a href=\"https:\/\/youtu.be\/9DMaexSqYMg\">Why should it be reported?<\/a><\/strong><br>\n\u2013 Issues surrounding reporting cyberdating abuse to police services<\/p>\n\n\n\n<p><strong><a href=\"https:\/\/youtu.be\/C_mZMQ7XXiE\">What should I do if my teen is a victim of cyberviolence?<\/a><\/strong><br>\n\u2013 Practical advice to parents whose teenager is experiencing cyberviolence in their intimate relationship<\/p>\n<\/div><\/div>\n\n\n\n<div class=\"wp-block-pb-accordion-item c-accordion__item js-accordion-item no-js\" data-initially-open=\"false\" data-click-to-close=\"true\" data-auto-close=\"false\" data-scroll=\"false\" data-scroll-offset=\"0\"><h3 id=\"at-4\" class=\"c-accordion__title js-accordion-controller\" tabindex=\"0\" role=\"button\" aria-controls=\"ac-4\">Forum LEXIC2<\/h3><div id=\"ac-4\" class=\"c-accordion__content\" style=\"display:none\">\n<p><strong><a href=\"https:\/\/www.familleslgbt.org\/documents\/pdf\/LEXIC2.pdf\">Comprendre et contrer les violences sexuelles v\u00e9cues par les communaut\u00e9s LGBTQ+<\/a><\/strong> (in French only)<\/p>\n\n\n\n<figure class=\"wp-block-image size-large\"><img loading=\"lazy\" decoding=\"async\" width=\"410\" height=\"240\" src=\"https:\/\/alix.interligne.co\/wp-content\/uploads\/2019\/08\/Sans-titre.jpg\" alt=\"\" class=\"wp-image-1624\" srcset=\"https:\/\/alix.interligne.co\/wp-content\/uploads\/2019\/08\/Sans-titre.jpg 410w, https:\/\/alix.interligne.co\/wp-content\/uploads\/2019\/08\/Sans-titre-300x176.jpg 300w\" sizes=\"auto, (max-width: 410px) 100vw, 410px\" \/><\/figure>\n<\/div><\/div>\n","protected":false},"excerpt":{"rendered":"","protected":false},"author":19,"featured_media":0,"parent":0,"menu_order":0,"comment_status":"closed","ping_status":"closed","template":"","meta":{"_uag_custom_page_level_css":"","footnotes":""},"class_list":["post-1494","page","type-page","status-publish"],"uagb_featured_image_src":{"full":false,"thumbnail":false,"medium":false,"medium_large":false,"large":false,"1536x1536":false,"2048x2048":false,"gform-image-choice-sm":false,"gform-image-choice-md":false,"gform-image-choice-lg":false},"uagb_author_info":{"display_name":"Elo","author_link":"https:\/\/alix.interligne.co\/en\/author\/elo\/"},"uagb_comment_info":0,"uagb_excerpt":null,"_links":{"self":[{"href":"https:\/\/alix.interligne.co\/en\/wp-json\/wp\/v2\/pages\/1494","targetHints":{"allow":["GET"]}}],"collection":[{"href":"https:\/\/alix.interligne.co\/en\/wp-json\/wp\/v2\/pages"}],"about":[{"href":"https:\/\/alix.interligne.co\/en\/wp-json\/wp\/v2\/types\/page"}],"author":[{"embeddable":true,"href":"https:\/\/alix.interligne.co\/en\/wp-json\/wp\/v2\/users\/19"}],"replies":[{"embeddable":true,"href":"https:\/\/alix.interligne.co\/en\/wp-json\/wp\/v2\/comments?post=1494"}],"version-history":[{"count":33,"href":"https:\/\/alix.interligne.co\/en\/wp-json\/wp\/v2\/pages\/1494\/revisions"}],"predecessor-version":[{"id":2313,"href":"https:\/\/alix.interligne.co\/en\/wp-json\/wp\/v2\/pages\/1494\/revisions\/2313"}],"wp:attachment":[{"href":"https:\/\/alix.interligne.co\/en\/wp-json\/wp\/v2\/media?parent=1494"}],"curies":[{"name":"wp","href":"https:\/\/api.w.org\/{rel}","templated":true}]}}