{"id":1440,"date":"2019-08-08T12:06:04","date_gmt":"2019-08-08T16:06:04","guid":{"rendered":"https:\/\/alix.interligne.co\/?page_id=1440"},"modified":"2019-12-22T22:31:45","modified_gmt":"2019-12-23T03:31:45","slug":"research-publications","status":"publish","type":"page","link":"https:\/\/alix.interligne.co\/en\/research-publications\/","title":{"rendered":"Research articles and publications"},"content":{"rendered":"\n<h2 class=\"wp-block-heading\">Available in English<\/h2>\n\n\n\n<div class=\"wp-block-columns is-layout-flex wp-container-core-columns-is-layout-9d6595d7 wp-block-columns-is-layout-flex\">\n<div class=\"wp-block-column is-layout-flow wp-block-column-is-layout-flow\">\n<figure class=\"wp-block-image size-large\"><img loading=\"lazy\" decoding=\"async\" width=\"350\" height=\"350\" src=\"https:\/\/alix.interligne.co\/wp-content\/uploads\/2019\/08\/Photo3-2.jpg\" alt=\"\" class=\"wp-image-1519\" srcset=\"https:\/\/alix.interligne.co\/wp-content\/uploads\/2019\/08\/Photo3-2.jpg 350w, https:\/\/alix.interligne.co\/wp-content\/uploads\/2019\/08\/Photo3-2-300x300.jpg 300w, https:\/\/alix.interligne.co\/wp-content\/uploads\/2019\/08\/Photo3-2-150x150.jpg 150w\" sizes=\"auto, (max-width: 350px) 100vw, 350px\" \/><\/figure>\n<\/div>\n\n\n\n<div class=\"wp-block-column is-layout-flow wp-block-column-is-layout-flow\">\n<p class=\"has-background has-text-align-center has-medium-font-size has-very-light-gray-background-color\">Free access<\/p>\n\n\n\n<p><strong>Title<\/strong>: <a href=\"https:\/\/williamsinstitute.law.ucla.edu\/wp-content\/uploads\/Intimate-Partner-Violence-and-Sexual-Abuse-among-LGBT-People.pdf\">Intimate partner violence within LGBTQ+ samples: A systematic review<\/a><br><strong>Author<\/strong>: Lauren Bolam<br><strong>Summary<\/strong>: This systematic literature review aims to  expose the reality of intimate partner violence (IPV) and sexual abuse  (IPSA) within LGBTQ+ relationships. It includes findings on the  prevalence of IPV and IPSA, survivors\u2019 barriers to seeking help, and the  quality of available assistance for LGBT people.<br> <strong>Source<\/strong>: Bolam, L. T. (2016). Intimate partner violence  within LGBTQ+ samples: A systematic review. Journal of Applied  Psychology and Social Science, 2 (1). pp. 89-113. <\/p>\n<\/div>\n<\/div>\n\n\n\n<div class=\"wp-block-columns is-layout-flex wp-container-core-columns-is-layout-9d6595d7 wp-block-columns-is-layout-flex\">\n<div class=\"wp-block-column is-layout-flow wp-block-column-is-layout-flow\">\n<figure class=\"wp-block-image size-large\"><img loading=\"lazy\" decoding=\"async\" width=\"350\" height=\"350\" src=\"https:\/\/alix.interligne.co\/wp-content\/uploads\/2019\/08\/Photo2-2.jpg\" alt=\"\" class=\"wp-image-1508\" srcset=\"https:\/\/alix.interligne.co\/wp-content\/uploads\/2019\/08\/Photo2-2.jpg 350w, https:\/\/alix.interligne.co\/wp-content\/uploads\/2019\/08\/Photo2-2-300x300.jpg 300w, https:\/\/alix.interligne.co\/wp-content\/uploads\/2019\/08\/Photo2-2-150x150.jpg 150w, https:\/\/alix.interligne.co\/wp-content\/uploads\/2019\/08\/Photo2-2-75x75.jpg 75w, https:\/\/alix.interligne.co\/wp-content\/uploads\/2019\/08\/Photo2-2-100x100.jpg 100w\" sizes=\"auto, (max-width: 350px) 100vw, 350px\" \/><\/figure>\n<\/div>\n\n\n\n<div class=\"wp-block-column is-layout-flow wp-block-column-is-layout-flow\">\n<p class=\"has-background has-text-align-center has-medium-font-size has-very-light-gray-background-color\">Free access<\/p>\n\n\n\n<p><strong>Title<\/strong>: <a href=\"https:\/\/www.rti.org\/sites\/default\/files\/rti_violence_and_lgbtq_communities.pdf\">Violence and LGBTQ+ Communities: What Do We Know, and What Do We Need to Know?<\/a><br><strong>Author<\/strong>: Tasseli McKay, Shilpi Misra and Christine Lindquist<br><strong>Summary<\/strong>: This report summarizes evidence on experiences  of violence and victimization in LGBTQ+ communities. It explores  existing findings on the consequences of victimization as well as on  fear and perceptions of safety in public spaces among LGBTQ+  individuals.<br><strong>Source<\/strong>: McKay, T., Misra, S. et Lindquist, C. (2017).  Violence and LGBTQ+ Communities What Do We Know, and What Do We Need to  Know?. RTI International. <\/p>\n<\/div>\n<\/div>\n\n\n\n<div class=\"wp-block-columns is-layout-flex wp-container-core-columns-is-layout-9d6595d7 wp-block-columns-is-layout-flex\">\n<div class=\"wp-block-column is-layout-flow wp-block-column-is-layout-flow\">\n<figure class=\"wp-block-image size-large\"><img loading=\"lazy\" decoding=\"async\" width=\"350\" height=\"350\" src=\"https:\/\/alix.interligne.co\/wp-content\/uploads\/2019\/08\/Photo4-2.jpg\" alt=\"\" class=\"wp-image-1501\" srcset=\"https:\/\/alix.interligne.co\/wp-content\/uploads\/2019\/08\/Photo4-2.jpg 350w, https:\/\/alix.interligne.co\/wp-content\/uploads\/2019\/08\/Photo4-2-300x300.jpg 300w, https:\/\/alix.interligne.co\/wp-content\/uploads\/2019\/08\/Photo4-2-150x150.jpg 150w, https:\/\/alix.interligne.co\/wp-content\/uploads\/2019\/08\/Photo4-2-75x75.jpg 75w, https:\/\/alix.interligne.co\/wp-content\/uploads\/2019\/08\/Photo4-2-100x100.jpg 100w\" sizes=\"auto, (max-width: 350px) 100vw, 350px\" \/><\/figure>\n<\/div>\n\n\n\n<div class=\"wp-block-column is-layout-flow wp-block-column-is-layout-flow\">\n<p class=\"has-background has-text-align-center has-medium-font-size has-very-light-gray-background-color\">Free access<\/p>\n\n\n\n<p> <strong>Title<\/strong>: <a href=\"https:\/\/www.cdnaids.ca\/wp-content\/uploads\/trans-needs-assessment-FINAL.pdf\" target=\"_blank\" rel=\"noreferrer noopener\" aria-label=\"Trans Needs Assessment Report (s\u2019ouvre dans un nouvel onglet)\">Trans Needs Assessment Report<\/a><br> <strong>Author<\/strong>: Sue Scruton<br> <strong>Summary<\/strong>: This research offers a better understanding of  the needs of transgender, transsexual, genderqueer, intersex and  otherwise gender non-conforming people to enhance services offered by  AIDS organizations.<br><strong>Reference<\/strong>: Scruton, S. (2014). Trans Needs Assessment Report. Canadian Aids Society. <\/p>\n<\/div>\n<\/div>\n\n\n\n<div class=\"wp-block-columns is-layout-flex wp-container-core-columns-is-layout-9d6595d7 wp-block-columns-is-layout-flex\">\n<div class=\"wp-block-column is-layout-flow wp-block-column-is-layout-flow\">\n<figure class=\"wp-block-image size-large\"><img loading=\"lazy\" decoding=\"async\" width=\"350\" height=\"350\" src=\"https:\/\/alix.interligne.co\/wp-content\/uploads\/2019\/08\/Photo6.png\" alt=\"\" class=\"wp-image-1510\" srcset=\"https:\/\/alix.interligne.co\/wp-content\/uploads\/2019\/08\/Photo6.png 350w, https:\/\/alix.interligne.co\/wp-content\/uploads\/2019\/08\/Photo6-300x300.png 300w, https:\/\/alix.interligne.co\/wp-content\/uploads\/2019\/08\/Photo6-150x150.png 150w, https:\/\/alix.interligne.co\/wp-content\/uploads\/2019\/08\/Photo6-75x75.png 75w, https:\/\/alix.interligne.co\/wp-content\/uploads\/2019\/08\/Photo6-100x100.png 100w\" sizes=\"auto, (max-width: 350px) 100vw, 350px\" \/><\/figure>\n<\/div>\n\n\n\n<div class=\"wp-block-column is-layout-flow wp-block-column-is-layout-flow\">\n<p class=\"has-background has-text-align-center has-medium-font-size has-very-light-gray-background-color\">Limited access<\/p>\n\n\n\n<p><strong>Title<\/strong>: <a href=\"https:\/\/journals-sagepub-com.proxy.bibliotheques.uqam.ca\/doi\/full\/10.1177\/0886260519853398\">Trauma Symptoms Resulting From Sexual Violence Among Undergraduate Students<\/a><br><strong>Authors<\/strong>: Genevi\u00e8ve Paquette, Alexa Martin-Storey, Manon  Bergeron, Jacinthe Dion, Isabelle Daigneault, Martine H\u00e9bert, Sandrine  Ricci and Sonn Castonguay-Khounsombath<br><strong>Summary<\/strong>: This study addresses sexual violence  perpetrated in university settings. It examines specifically the link  between sexual or gender identity and the seriousness of traumatic  symptoms among victims of such violence.<br><strong>Source<\/strong>: Paquette, G., Martin-Storey, A., Bergeron, M.,  Dion, J., Daigneault, I., H\u00e9bert, M., \u2026 Castonguay-Khounsombath, S.  (2019). Trauma Symptoms Resulting From Sexual Violence Among  Undergraduate Students: Differences Across Gender and Sexual Minority  Status. Journal of Interpersonal Violence. <\/p>\n<\/div>\n<\/div>\n\n\n\n<div class=\"wp-block-columns is-layout-flex wp-container-core-columns-is-layout-9d6595d7 wp-block-columns-is-layout-flex\">\n<div class=\"wp-block-column is-layout-flow wp-block-column-is-layout-flow\">\n<figure class=\"wp-block-image size-large\"><img loading=\"lazy\" decoding=\"async\" width=\"350\" height=\"350\" src=\"https:\/\/alix.interligne.co\/wp-content\/uploads\/2019\/08\/Photo5.png\" alt=\"\" class=\"wp-image-1512\" srcset=\"https:\/\/alix.interligne.co\/wp-content\/uploads\/2019\/08\/Photo5.png 350w, https:\/\/alix.interligne.co\/wp-content\/uploads\/2019\/08\/Photo5-300x300.png 300w, https:\/\/alix.interligne.co\/wp-content\/uploads\/2019\/08\/Photo5-150x150.png 150w\" sizes=\"auto, (max-width: 350px) 100vw, 350px\" \/><\/figure>\n<\/div>\n\n\n\n<div class=\"wp-block-column is-layout-flow wp-block-column-is-layout-flow\">\n<p class=\"has-background has-text-align-center has-medium-font-size has-very-light-gray-background-color\">Limited access<\/p>\n\n\n\n<p><strong>Title<\/strong>: <a href=\"https:\/\/www-sciencedirect-com.proxy.bibliotheques.uqam.ca\/science\/article\/pii\/S1054139X18300077\">Sexual Violence on Campus: Differences Across Gender and Sexual Minority Status<\/a><br><strong>Authors<\/strong>: Alexa Martin-Storey, Genevi\u00e8ve Paquette, Manon Bergeron, Jacinthe Dion, Isabelle Daigneault, Martine H\u00e9bert and Sandrine Ricci<br><strong>Summary<\/strong>: This study is about sexual violence  perpetrated in university settings. It focuses on vulnerability among  sexual and gender minority students with regard to sexual violence, as  well as on the influence of gender identity or sexual orientation on the  context of this violence.<br><strong>Source<\/strong>: Martin-Storey, A., Paquette, G., Bergeron, M.,  Dion, J., Daigneault, I., H\u00e9bert, M., &amp; Ricci, S. (2018). Sexual  Violence on Campus: Differences Across Gender and Sexual Minority  Status. Journal of Adolescent Health, 62(6), 701-707. . <\/p>\n<\/div>\n<\/div>\n\n\n\n<hr class=\"wp-block-separator\"\/>\n\n\n\n<h2 class=\"wp-block-heading\">Available in French<\/h2>\n\n\n\n<div class=\"wp-block-columns is-layout-flex wp-container-core-columns-is-layout-9d6595d7 wp-block-columns-is-layout-flex\">\n<div class=\"wp-block-column is-layout-flow wp-block-column-is-layout-flow\">\n<figure class=\"wp-block-image size-large\"><img loading=\"lazy\" decoding=\"async\" width=\"300\" height=\"300\" src=\"https:\/\/alix.interligne.co\/wp-content\/uploads\/2019\/08\/Photo2-3.png\" alt=\"\" class=\"wp-image-1497\" srcset=\"https:\/\/alix.interligne.co\/wp-content\/uploads\/2019\/08\/Photo2-3.png 300w, https:\/\/alix.interligne.co\/wp-content\/uploads\/2019\/08\/Photo2-3-150x150.png 150w\" sizes=\"auto, (max-width: 300px) 100vw, 300px\" \/><\/figure>\n<\/div>\n\n\n\n<div class=\"wp-block-column is-layout-flow wp-block-column-is-layout-flow\">\n<p class=\"has-background has-text-align-center has-medium-font-size has-very-light-gray-background-color\">Free access<\/p>\n\n\n\n<p><strong>Title<\/strong>: <a href=\"http:\/\/www.conseil-lgbt.ca\/Rapport_AVS_LGBT.pdf\">Pour une approche int\u00e9gr\u00e9e en mati\u00e8re de lutte contre les violences sexuelles<\/a><br><strong>Authors<\/strong>: Marilou St-Pierre and Marie-Pier Boisvert<br><strong>Summary<\/strong>: This report reviews the state of knowledge of  LGBT organizations on sexual violence. It explores existing prevention  tools and the needs of LGBT organizations in this area. It ends with  recommantations on how to improve services for LGBT victims of sexual  violence.<br><strong>Source<\/strong>: St-Pierre, M. and Boisvert, M.-P. (2017).  Rapport de la consultation des groupes LGBT du Qu\u00e9bec dans le cadre de  la Strat\u00e9gie gouvernementale pour pr\u00e9venir et contrer les violences  sexuelles 2016-2021 : Pour une approche int\u00e9gr\u00e9e en mati\u00e8re de lutte  contre les violences sexuelles. Conseil qu\u00e9b\u00e9cois LGBT.  <\/p>\n<\/div>\n<\/div>\n\n\n\n<div class=\"wp-block-columns is-layout-flex wp-container-core-columns-is-layout-9d6595d7 wp-block-columns-is-layout-flex\">\n<div class=\"wp-block-column is-layout-flow wp-block-column-is-layout-flow\">\n<figure class=\"wp-block-image size-large\"><img loading=\"lazy\" decoding=\"async\" width=\"350\" height=\"350\" src=\"https:\/\/alix.interligne.co\/wp-content\/uploads\/2019\/08\/Photo3-4.png\" alt=\"\" class=\"wp-image-1499\" srcset=\"https:\/\/alix.interligne.co\/wp-content\/uploads\/2019\/08\/Photo3-4.png 350w, https:\/\/alix.interligne.co\/wp-content\/uploads\/2019\/08\/Photo3-4-300x300.png 300w, https:\/\/alix.interligne.co\/wp-content\/uploads\/2019\/08\/Photo3-4-150x150.png 150w\" sizes=\"auto, (max-width: 350px) 100vw, 350px\" \/><\/figure>\n<\/div>\n\n\n\n<div class=\"wp-block-column is-layout-flow wp-block-column-is-layout-flow\">\n<p class=\"has-background has-text-align-center has-medium-font-size has-very-light-gray-background-color\">Free access<\/p>\n\n\n\n<p><strong>Title<\/strong>: <a href=\"https:\/\/constellation.uqac.ca\/4098\/1\/Rapport_ESSIMU_FINAL.pdf\">Violences sexuelles en milieu universitaire au Qu\u00e9bec<\/a><br><strong>Authors<\/strong>: Manon Bergeron, Martine H\u00e9bert, Sandrine Ricci, Marie-France Goyer, Nathalie Duhamel and Lyne Kurtzman<br><strong>Summary<\/strong>: This research conducted by a multidisciplinary  and multiuniversity team provides an overview of sexual violence  perpetrated in university settings. Recommandations are made to  government, institutional, and community bodies, as well as to  university community.<br><strong>Source<\/strong>: Bergeron, M., H\u00e9bert, M., Ricci, S. and al.  (2016). Violences sexuelles en milieu universitaire au Qu\u00e9bec \u2013  R\u00e9sultats de l\u2019enqu\u00eate ESSIMU pour l\u2019Universit\u00e9 du Qu\u00e9bec \u00e0 Montr\u00e9al.  Rapport de recherche de l\u2019enqu\u00eate ESSIMU. Montr\u00e9al : Universit\u00e9 du  Qu\u00e9bec \u00e0 Montr\u00e9al. <\/p>\n<\/div>\n<\/div>\n\n\n\n<div class=\"wp-block-columns is-layout-flex wp-container-core-columns-is-layout-9d6595d7 wp-block-columns-is-layout-flex\">\n<div class=\"wp-block-column is-layout-flow wp-block-column-is-layout-flow\">\n<figure class=\"wp-block-image size-large\"><img loading=\"lazy\" decoding=\"async\" width=\"350\" height=\"350\" src=\"https:\/\/alix.interligne.co\/wp-content\/uploads\/2019\/08\/Photo4-2.jpg\" alt=\"\" class=\"wp-image-1501\" srcset=\"https:\/\/alix.interligne.co\/wp-content\/uploads\/2019\/08\/Photo4-2.jpg 350w, https:\/\/alix.interligne.co\/wp-content\/uploads\/2019\/08\/Photo4-2-300x300.jpg 300w, https:\/\/alix.interligne.co\/wp-content\/uploads\/2019\/08\/Photo4-2-150x150.jpg 150w, https:\/\/alix.interligne.co\/wp-content\/uploads\/2019\/08\/Photo4-2-75x75.jpg 75w, https:\/\/alix.interligne.co\/wp-content\/uploads\/2019\/08\/Photo4-2-100x100.jpg 100w\" sizes=\"auto, (max-width: 350px) 100vw, 350px\" \/><\/figure>\n<\/div>\n\n\n\n<div class=\"wp-block-column is-layout-flow wp-block-column-is-layout-flow\">\n<p class=\"has-background has-text-align-center has-medium-font-size has-very-light-gray-background-color\">Free access<\/p>\n\n\n\n<p><strong>Title <\/strong>: <a href=\"https:\/\/www.cdnaids.ca\/wp-content\/uploads\/Rapport-de-levaluation-des-besoins-des-personnes-trans-1.pdf\">Rapport de l\u2019\u00e9valuation des besoins des personnes trans<\/a><br><strong>Author<\/strong>: Sue Scruton<br><strong>Summary<\/strong>:  This research offers a better understanding of the needs of transgender,  transsexual, genderqueer, intersex and otherwise gender non-conforming  people. Its goal is to enhance services offered by AIDS organizations. <br> <strong>Source<\/strong>: Scruton, S. (2014). Rapport de l\u2019\u00e9valuation des besoins des personnes trans. Soci\u00e9t\u00e9 canadienne du Sida. <\/p>\n<\/div>\n<\/div>\n\n\n\n<div class=\"wp-block-columns is-layout-flex wp-container-core-columns-is-layout-9d6595d7 wp-block-columns-is-layout-flex\">\n<div class=\"wp-block-column is-layout-flow wp-block-column-is-layout-flow\">\n<figure class=\"wp-block-image size-large\"><img loading=\"lazy\" decoding=\"async\" width=\"350\" height=\"350\" src=\"https:\/\/alix.interligne.co\/wp-content\/uploads\/2019\/08\/Photo7.png\" alt=\"\" class=\"wp-image-1503\" srcset=\"https:\/\/alix.interligne.co\/wp-content\/uploads\/2019\/08\/Photo7.png 350w, https:\/\/alix.interligne.co\/wp-content\/uploads\/2019\/08\/Photo7-300x300.png 300w, https:\/\/alix.interligne.co\/wp-content\/uploads\/2019\/08\/Photo7-150x150.png 150w\" sizes=\"auto, (max-width: 350px) 100vw, 350px\" \/><\/figure>\n<\/div>\n\n\n\n<div class=\"wp-block-column is-layout-flow wp-block-column-is-layout-flow\">\n<p class=\"has-background has-text-align-center has-medium-font-size has-very-light-gray-background-color\">Limited access<\/p>\n\n\n\n<p><strong>Title<\/strong>: Apr\u00e8s le silence : R\u00e9agir aux agressions sexuelles envers les personnes LGBT<br><strong>Authors<\/strong>: Michel Dorais and Mathieu-Jo\u00ebl Gervais<br><strong>Summary<\/strong>: This book addresses sexual victimization among  LGBT people in Quebec. It provides possible solutions to improving  services offered by victim support organizations. <a href=\"https:\/\/alix.interligne.co\/wp-content\/uploads\/2019\/09\/Apr\u00e8s-le-silence-Synth\u00e8se-pour-mise-en-ligne-Apr\u00e8s-le-silence-version-finale.docx\">Here is a summarized version of the book<\/a>.<br><strong>Source<\/strong>: Dorais, M. et Gervais, M-J. (2019). Apr\u00e8s le  silence : r\u00e9agir aux agressions sexuelles envers les personnes LGBT.  Presse de l\u2019Universit\u00e9 Laval.  <\/p>\n<\/div>\n<\/div>\n","protected":false},"excerpt":{"rendered":"<p>Available in English Free access Title: Intimate partner violence within LGBTQ+ samples: A systematic reviewAuthor: Lauren BolamSummary: This systematic literature review aims to expose the reality of intimate partner violence &#8230; <a title=\"Research articles and publications\" class=\"read-more\" href=\"https:\/\/alix.interligne.co\/en\/research-publications\/\" aria-label=\"Read more about Research articles and publications\">Lire la suite<\/a><\/p>\n","protected":false},"author":19,"featured_media":0,"parent":0,"menu_order":0,"comment_status":"closed","ping_status":"closed","template":"","meta":{"_uag_custom_page_level_css":"","footnotes":""},"class_list":["post-1440","page","type-page","status-publish"],"uagb_featured_image_src":{"full":false,"thumbnail":false,"medium":false,"medium_large":false,"large":false,"1536x1536":false,"2048x2048":false,"gform-image-choice-sm":false,"gform-image-choice-md":false,"gform-image-choice-lg":false},"uagb_author_info":{"display_name":"Elo","author_link":"https:\/\/alix.interligne.co\/en\/author\/elo\/"},"uagb_comment_info":0,"uagb_excerpt":"Available in English Free access Title: Intimate partner violence within LGBTQ+ samples: A systematic reviewAuthor: Lauren BolamSummary: This systematic literature review aims to expose the reality of intimate partner violence ... Lire la suite","_links":{"self":[{"href":"https:\/\/alix.interligne.co\/en\/wp-json\/wp\/v2\/pages\/1440","targetHints":{"allow":["GET"]}}],"collection":[{"href":"https:\/\/alix.interligne.co\/en\/wp-json\/wp\/v2\/pages"}],"about":[{"href":"https:\/\/alix.interligne.co\/en\/wp-json\/wp\/v2\/types\/page"}],"author":[{"embeddable":true,"href":"https:\/\/alix.interligne.co\/en\/wp-json\/wp\/v2\/users\/19"}],"replies":[{"embeddable":true,"href":"https:\/\/alix.interligne.co\/en\/wp-json\/wp\/v2\/comments?post=1440"}],"version-history":[{"count":37,"href":"https:\/\/alix.interligne.co\/en\/wp-json\/wp\/v2\/pages\/1440\/revisions"}],"predecessor-version":[{"id":2455,"href":"https:\/\/alix.interligne.co\/en\/wp-json\/wp\/v2\/pages\/1440\/revisions\/2455"}],"wp:attachment":[{"href":"https:\/\/alix.interligne.co\/en\/wp-json\/wp\/v2\/media?parent=1440"}],"curies":[{"name":"wp","href":"https:\/\/api.w.org\/{rel}","templated":true}]}}